{"id":537,"date":"2023-03-21T12:56:28","date_gmt":"2023-03-21T12:56:28","guid":{"rendered":"https:\/\/www.moloxz.com\/sample-page\/"},"modified":"2023-03-21T12:56:28","modified_gmt":"2023-03-21T12:56:28","slug":"sample-page","status":"publish","type":"page","link":"https:\/\/www.moloxz.com\/da\/sample-page\/","title":{"rendered":"Eksempelside"},"content":{"rendered":"<p>Dette er en eksempelside. Den er forskellig fra et blogindl\u00e6g, fordi den forbliver p\u00e5 \u00e9t sted og vises i din sidenavigation (i de fleste temaer). De fleste starter med en Om-side, der introducerer dem til potentielle bes\u00f8gende p\u00e5 siden. Den kunne sige noget i retning af:<\/p>\n\n\n\n<blockquote class=\"wp-block-quote is-layout-flow wp-block-quote-is-layout-flow\"><p>Hej! Jeg er cykelbud om dagen, h\u00e5befuld skuespiller om aftenen, og dette er min hjemmeside. Jeg bor i Los Angeles, har en dejlig hund ved navn Jack, og jeg elsker pi\u00f1a coladas. (Og at blive fanget i regnen.)<\/p><\/blockquote>\n\n\n\n<p>...eller noget i retning af dette:<\/p>\n\n\n\n<blockquote class=\"wp-block-quote is-layout-flow wp-block-quote-is-layout-flow\"><p>XYZ Doohickey Company blev grundlagt i 1971 og har siden da leveret kvalitets-doohickeys til offentligheden. XYZ, der er beliggende i Gotham City, besk\u00e6ftiger over 2.000 mennesker og laver alle mulige fantastiske ting for Gotham-samfundet.<\/p><\/blockquote>\n\n\n\n<p>Som ny WordPress-bruger b\u00f8r du g\u00e5 til <a href=\"https:\/\/pagebolt.uicore.co\/pages\/wp-admin\/\">dit dashboard<\/a> for at slette denne side og oprette nye sider til dit indhold. God forn\u00f8jelse!<\/p>","protected":false},"excerpt":{"rendered":"<p>This is an example page. It&#8217;s different from a blog post because it will stay in one place and will show up [&hellip;]<\/p>","protected":false},"author":1,"featured_media":0,"parent":0,"menu_order":0,"comment_status":"closed","ping_status":"closed","template":"","meta":{"footnotes":""},"class_list":["post-537","page","type-page","status-publish","hentry"],"yoast_head":"<!-- This site is optimized with the Yoast SEO plugin v25.5 - https:\/\/yoast.com\/wordpress\/plugins\/seo\/ -->\n<title>Sample Page - Moloxz<\/title>\n<meta name=\"robots\" content=\"index, follow, max-snippet:-1, max-image-preview:large, max-video-preview:-1\" \/>\n<link rel=\"canonical\" href=\"https:\/\/www.moloxz.com\/da\/sample-page\/\" \/>\n<meta property=\"og:locale\" content=\"da_DK\" \/>\n<meta property=\"og:type\" content=\"article\" \/>\n<meta property=\"og:title\" content=\"Sample Page - Moloxz\" \/>\n<meta property=\"og:description\" content=\"This is an example page. It&#8217;s different from a blog post because it will stay in one place and will show up [&hellip;]\" \/>\n<meta property=\"og:url\" content=\"https:\/\/www.moloxz.com\/da\/sample-page\/\" \/>\n<meta property=\"og:site_name\" content=\"Moloxz\" \/>\n<meta name=\"twitter:card\" content=\"summary_large_image\" \/>\n<meta name=\"twitter:label1\" content=\"Estimeret l\u00e6setid\" \/>\n\t<meta name=\"twitter:data1\" content=\"1 minut\" \/>\n<script type=\"application\/ld+json\" class=\"yoast-schema-graph\">{\"@context\":\"https:\/\/schema.org\",\"@graph\":[{\"@type\":\"WebPage\",\"@id\":\"https:\/\/www.moloxz.com\/sample-page\/\",\"url\":\"https:\/\/www.moloxz.com\/sample-page\/\",\"name\":\"Sample Page - Moloxz\",\"isPartOf\":{\"@id\":\"https:\/\/www.moloxz.com\/#website\"},\"datePublished\":\"2023-03-21T12:56:28+00:00\",\"breadcrumb\":{\"@id\":\"https:\/\/www.moloxz.com\/sample-page\/#breadcrumb\"},\"inLanguage\":\"da-DK\",\"potentialAction\":[{\"@type\":\"ReadAction\",\"target\":[\"https:\/\/www.moloxz.com\/sample-page\/\"]}]},{\"@type\":\"BreadcrumbList\",\"@id\":\"https:\/\/www.moloxz.com\/sample-page\/#breadcrumb\",\"itemListElement\":[{\"@type\":\"ListItem\",\"position\":1,\"name\":\"Home\",\"item\":\"https:\/\/www.moloxz.com\/\"},{\"@type\":\"ListItem\",\"position\":2,\"name\":\"Sample Page\"}]},{\"@type\":\"WebSite\",\"@id\":\"https:\/\/www.moloxz.com\/#website\",\"url\":\"https:\/\/www.moloxz.com\/\",\"name\":\"Moloxz\",\"description\":\"Mobile access control\",\"publisher\":{\"@id\":\"https:\/\/www.moloxz.com\/#organization\"},\"potentialAction\":[{\"@type\":\"SearchAction\",\"target\":{\"@type\":\"EntryPoint\",\"urlTemplate\":\"https:\/\/www.moloxz.com\/?s={search_term_string}\"},\"query-input\":{\"@type\":\"PropertyValueSpecification\",\"valueRequired\":true,\"valueName\":\"search_term_string\"}}],\"inLanguage\":\"da-DK\"},{\"@type\":\"Organization\",\"@id\":\"https:\/\/www.moloxz.com\/#organization\",\"name\":\"Moloxz\",\"url\":\"https:\/\/www.moloxz.com\/\",\"logo\":{\"@type\":\"ImageObject\",\"inLanguage\":\"da-DK\",\"@id\":\"https:\/\/www.moloxz.com\/#\/schema\/logo\/image\/\",\"url\":\"https:\/\/www.moloxz.com\/wp-content\/uploads\/2023\/07\/logo.svg\",\"contentUrl\":\"https:\/\/www.moloxz.com\/wp-content\/uploads\/2023\/07\/logo.svg\",\"width\":51,\"height\":10,\"caption\":\"Moloxz\"},\"image\":{\"@id\":\"https:\/\/www.moloxz.com\/#\/schema\/logo\/image\/\"}}]}<\/script>\n<!-- \/ Yoast SEO plugin. -->","yoast_head_json":{"title":"Sample Page - Moloxz","robots":{"index":"index","follow":"follow","max-snippet":"max-snippet:-1","max-image-preview":"max-image-preview:large","max-video-preview":"max-video-preview:-1"},"canonical":"https:\/\/www.moloxz.com\/da\/sample-page\/","og_locale":"da_DK","og_type":"article","og_title":"Sample Page - Moloxz","og_description":"This is an example page. It&#8217;s different from a blog post because it will stay in one place and will show up [&hellip;]","og_url":"https:\/\/www.moloxz.com\/da\/sample-page\/","og_site_name":"Moloxz","twitter_card":"summary_large_image","twitter_misc":{"Estimeret l\u00e6setid":"1 minut"},"schema":{"@context":"https:\/\/schema.org","@graph":[{"@type":"WebPage","@id":"https:\/\/www.moloxz.com\/sample-page\/","url":"https:\/\/www.moloxz.com\/sample-page\/","name":"Sample Page - Moloxz","isPartOf":{"@id":"https:\/\/www.moloxz.com\/#website"},"datePublished":"2023-03-21T12:56:28+00:00","breadcrumb":{"@id":"https:\/\/www.moloxz.com\/sample-page\/#breadcrumb"},"inLanguage":"da-DK","potentialAction":[{"@type":"ReadAction","target":["https:\/\/www.moloxz.com\/sample-page\/"]}]},{"@type":"BreadcrumbList","@id":"https:\/\/www.moloxz.com\/sample-page\/#breadcrumb","itemListElement":[{"@type":"ListItem","position":1,"name":"Home","item":"https:\/\/www.moloxz.com\/"},{"@type":"ListItem","position":2,"name":"Sample Page"}]},{"@type":"WebSite","@id":"https:\/\/www.moloxz.com\/#website","url":"https:\/\/www.moloxz.com\/","name":"Moloxz","description":"Mobil adgangskontrol","publisher":{"@id":"https:\/\/www.moloxz.com\/#organization"},"potentialAction":[{"@type":"SearchAction","target":{"@type":"EntryPoint","urlTemplate":"https:\/\/www.moloxz.com\/?s={search_term_string}"},"query-input":{"@type":"PropertyValueSpecification","valueRequired":true,"valueName":"search_term_string"}}],"inLanguage":"da-DK"},{"@type":"Organization","@id":"https:\/\/www.moloxz.com\/#organization","name":"Moloxz","url":"https:\/\/www.moloxz.com\/","logo":{"@type":"ImageObject","inLanguage":"da-DK","@id":"https:\/\/www.moloxz.com\/#\/schema\/logo\/image\/","url":"https:\/\/www.moloxz.com\/wp-content\/uploads\/2023\/07\/logo.svg","contentUrl":"https:\/\/www.moloxz.com\/wp-content\/uploads\/2023\/07\/logo.svg","width":51,"height":10,"caption":"Moloxz"},"image":{"@id":"https:\/\/www.moloxz.com\/#\/schema\/logo\/image\/"}}]}},"_links":{"self":[{"href":"https:\/\/www.moloxz.com\/da\/wp-json\/wp\/v2\/pages\/537","targetHints":{"allow":["GET"]}}],"collection":[{"href":"https:\/\/www.moloxz.com\/da\/wp-json\/wp\/v2\/pages"}],"about":[{"href":"https:\/\/www.moloxz.com\/da\/wp-json\/wp\/v2\/types\/page"}],"author":[{"embeddable":true,"href":"https:\/\/www.moloxz.com\/da\/wp-json\/wp\/v2\/users\/1"}],"replies":[{"embeddable":true,"href":"https:\/\/www.moloxz.com\/da\/wp-json\/wp\/v2\/comments?post=537"}],"version-history":[{"count":0,"href":"https:\/\/www.moloxz.com\/da\/wp-json\/wp\/v2\/pages\/537\/revisions"}],"wp:attachment":[{"href":"https:\/\/www.moloxz.com\/da\/wp-json\/wp\/v2\/media?parent=537"}],"curies":[{"name":"wp","href":"https:\/\/api.w.org\/{rel}","templated":true}]}}