{"id":537,"date":"2023-03-21T12:56:28","date_gmt":"2023-03-21T12:56:28","guid":{"rendered":"https:\/\/www.moloxz.com\/sample-page\/"},"modified":"2023-03-21T12:56:28","modified_gmt":"2023-03-21T12:56:28","slug":"sample-page","status":"publish","type":"page","link":"https:\/\/www.moloxz.com\/de\/sample-page\/","title":{"rendered":"Beispielseite"},"content":{"rendered":"<p>Dies ist eine Beispielseite. Sie unterscheidet sich von einem Blogbeitrag, da sie an derselben Stelle verbleibt und (bei den meisten Themes) in der Navigation Ihrer Website angezeigt wird. Die meisten Nutzer beginnen mit einer \u201e\u00dcber uns\u201c-Seite, die sie potenziellen Website-Besuchern vorstellt. Dort k\u00f6nnte beispielsweise Folgendes stehen:<\/p>\n\n\n\n<blockquote class=\"wp-block-quote is-layout-flow wp-block-quote-is-layout-flow\"><p>Hallo! Tags\u00fcber bin ich Fahrradkurier, nachts aufstrebender Schauspieler, und das ist meine Website. Ich lebe in Los Angeles, habe einen tollen Hund namens Jack und mag Pi\u00f1a Coladas. (Und im Regen stehen.)<\/p><\/blockquote>\n\n\n\n<p>\u2026oder so \u00e4hnlich:<\/p>\n\n\n\n<blockquote class=\"wp-block-quote is-layout-flow wp-block-quote-is-layout-flow\"><p>Die XYZ Doohickey Company wurde 1971 gegr\u00fcndet und versorgt die \u00d6ffentlichkeit seitdem mit hochwertigen Produkten. Das in Gotham City ans\u00e4ssige Unternehmen besch\u00e4ftigt \u00fcber 2.000 Mitarbeiter und leistet vielf\u00e4ltige Dienste f\u00fcr die Bev\u00f6lkerung von Gotham.<\/p><\/blockquote>\n\n\n\n<p>Als neuer WordPress-Benutzer sollten Sie zu <a href=\"https:\/\/pagebolt.uicore.co\/pages\/wp-admin\/\">Ihr Dashboard<\/a> um diese Seite zu l\u00f6schen und neue Seiten f\u00fcr Ihre Inhalte zu erstellen. Viel Spa\u00df!<\/p>","protected":false},"excerpt":{"rendered":"<p>This is an example page. It&#8217;s different from a blog post because it will stay in one place and will show up [&hellip;]<\/p>","protected":false},"author":1,"featured_media":0,"parent":0,"menu_order":0,"comment_status":"closed","ping_status":"closed","template":"","meta":{"footnotes":""},"class_list":["post-537","page","type-page","status-publish","hentry"],"yoast_head":"<!-- This site is optimized with the Yoast SEO plugin v25.5 - https:\/\/yoast.com\/wordpress\/plugins\/seo\/ -->\n<title>Sample Page - Moloxz<\/title>\n<meta name=\"robots\" content=\"index, follow, max-snippet:-1, max-image-preview:large, max-video-preview:-1\" \/>\n<link rel=\"canonical\" href=\"https:\/\/www.moloxz.com\/de\/sample-page\/\" \/>\n<meta property=\"og:locale\" content=\"de_DE\" \/>\n<meta property=\"og:type\" content=\"article\" \/>\n<meta property=\"og:title\" content=\"Sample Page - Moloxz\" \/>\n<meta property=\"og:description\" content=\"This is an example page. It&#8217;s different from a blog post because it will stay in one place and will show up [&hellip;]\" \/>\n<meta property=\"og:url\" content=\"https:\/\/www.moloxz.com\/de\/sample-page\/\" \/>\n<meta property=\"og:site_name\" content=\"Moloxz\" \/>\n<meta name=\"twitter:card\" content=\"summary_large_image\" \/>\n<meta name=\"twitter:label1\" content=\"Gesch\u00e4tzte Lesezeit\" \/>\n\t<meta name=\"twitter:data1\" content=\"1\u00a0Minute\" \/>\n<script type=\"application\/ld+json\" class=\"yoast-schema-graph\">{\"@context\":\"https:\/\/schema.org\",\"@graph\":[{\"@type\":\"WebPage\",\"@id\":\"https:\/\/www.moloxz.com\/sample-page\/\",\"url\":\"https:\/\/www.moloxz.com\/sample-page\/\",\"name\":\"Sample Page - Moloxz\",\"isPartOf\":{\"@id\":\"https:\/\/www.moloxz.com\/#website\"},\"datePublished\":\"2023-03-21T12:56:28+00:00\",\"breadcrumb\":{\"@id\":\"https:\/\/www.moloxz.com\/sample-page\/#breadcrumb\"},\"inLanguage\":\"de\",\"potentialAction\":[{\"@type\":\"ReadAction\",\"target\":[\"https:\/\/www.moloxz.com\/sample-page\/\"]}]},{\"@type\":\"BreadcrumbList\",\"@id\":\"https:\/\/www.moloxz.com\/sample-page\/#breadcrumb\",\"itemListElement\":[{\"@type\":\"ListItem\",\"position\":1,\"name\":\"Home\",\"item\":\"https:\/\/www.moloxz.com\/\"},{\"@type\":\"ListItem\",\"position\":2,\"name\":\"Sample Page\"}]},{\"@type\":\"WebSite\",\"@id\":\"https:\/\/www.moloxz.com\/#website\",\"url\":\"https:\/\/www.moloxz.com\/\",\"name\":\"Moloxz\",\"description\":\"Mobile access control\",\"publisher\":{\"@id\":\"https:\/\/www.moloxz.com\/#organization\"},\"potentialAction\":[{\"@type\":\"SearchAction\",\"target\":{\"@type\":\"EntryPoint\",\"urlTemplate\":\"https:\/\/www.moloxz.com\/?s={search_term_string}\"},\"query-input\":{\"@type\":\"PropertyValueSpecification\",\"valueRequired\":true,\"valueName\":\"search_term_string\"}}],\"inLanguage\":\"de\"},{\"@type\":\"Organization\",\"@id\":\"https:\/\/www.moloxz.com\/#organization\",\"name\":\"Moloxz\",\"url\":\"https:\/\/www.moloxz.com\/\",\"logo\":{\"@type\":\"ImageObject\",\"inLanguage\":\"de\",\"@id\":\"https:\/\/www.moloxz.com\/#\/schema\/logo\/image\/\",\"url\":\"https:\/\/www.moloxz.com\/wp-content\/uploads\/2023\/07\/logo.svg\",\"contentUrl\":\"https:\/\/www.moloxz.com\/wp-content\/uploads\/2023\/07\/logo.svg\",\"width\":51,\"height\":10,\"caption\":\"Moloxz\"},\"image\":{\"@id\":\"https:\/\/www.moloxz.com\/#\/schema\/logo\/image\/\"}}]}<\/script>\n<!-- \/ Yoast SEO plugin. -->","yoast_head_json":{"title":"Sample Page - Moloxz","robots":{"index":"index","follow":"follow","max-snippet":"max-snippet:-1","max-image-preview":"max-image-preview:large","max-video-preview":"max-video-preview:-1"},"canonical":"https:\/\/www.moloxz.com\/de\/sample-page\/","og_locale":"de_DE","og_type":"article","og_title":"Sample Page - Moloxz","og_description":"This is an example page. It&#8217;s different from a blog post because it will stay in one place and will show up [&hellip;]","og_url":"https:\/\/www.moloxz.com\/de\/sample-page\/","og_site_name":"Moloxz","twitter_card":"summary_large_image","twitter_misc":{"Gesch\u00e4tzte Lesezeit":"1\u00a0Minute"},"schema":{"@context":"https:\/\/schema.org","@graph":[{"@type":"WebPage","@id":"https:\/\/www.moloxz.com\/sample-page\/","url":"https:\/\/www.moloxz.com\/sample-page\/","name":"Sample Page - Moloxz","isPartOf":{"@id":"https:\/\/www.moloxz.com\/#website"},"datePublished":"2023-03-21T12:56:28+00:00","breadcrumb":{"@id":"https:\/\/www.moloxz.com\/sample-page\/#breadcrumb"},"inLanguage":"de","potentialAction":[{"@type":"ReadAction","target":["https:\/\/www.moloxz.com\/sample-page\/"]}]},{"@type":"BreadcrumbList","@id":"https:\/\/www.moloxz.com\/sample-page\/#breadcrumb","itemListElement":[{"@type":"ListItem","position":1,"name":"Home","item":"https:\/\/www.moloxz.com\/"},{"@type":"ListItem","position":2,"name":"Sample Page"}]},{"@type":"WebSite","@id":"https:\/\/www.moloxz.com\/#website","url":"https:\/\/www.moloxz.com\/","name":"Moloxz","description":"Mobile Zutrittskontrolle","publisher":{"@id":"https:\/\/www.moloxz.com\/#organization"},"potentialAction":[{"@type":"SearchAction","target":{"@type":"EntryPoint","urlTemplate":"https:\/\/www.moloxz.com\/?s={search_term_string}"},"query-input":{"@type":"PropertyValueSpecification","valueRequired":true,"valueName":"search_term_string"}}],"inLanguage":"de"},{"@type":"Organization","@id":"https:\/\/www.moloxz.com\/#organization","name":"Moloxz","url":"https:\/\/www.moloxz.com\/","logo":{"@type":"ImageObject","inLanguage":"de","@id":"https:\/\/www.moloxz.com\/#\/schema\/logo\/image\/","url":"https:\/\/www.moloxz.com\/wp-content\/uploads\/2023\/07\/logo.svg","contentUrl":"https:\/\/www.moloxz.com\/wp-content\/uploads\/2023\/07\/logo.svg","width":51,"height":10,"caption":"Moloxz"},"image":{"@id":"https:\/\/www.moloxz.com\/#\/schema\/logo\/image\/"}}]}},"_links":{"self":[{"href":"https:\/\/www.moloxz.com\/de\/wp-json\/wp\/v2\/pages\/537","targetHints":{"allow":["GET"]}}],"collection":[{"href":"https:\/\/www.moloxz.com\/de\/wp-json\/wp\/v2\/pages"}],"about":[{"href":"https:\/\/www.moloxz.com\/de\/wp-json\/wp\/v2\/types\/page"}],"author":[{"embeddable":true,"href":"https:\/\/www.moloxz.com\/de\/wp-json\/wp\/v2\/users\/1"}],"replies":[{"embeddable":true,"href":"https:\/\/www.moloxz.com\/de\/wp-json\/wp\/v2\/comments?post=537"}],"version-history":[{"count":0,"href":"https:\/\/www.moloxz.com\/de\/wp-json\/wp\/v2\/pages\/537\/revisions"}],"wp:attachment":[{"href":"https:\/\/www.moloxz.com\/de\/wp-json\/wp\/v2\/media?parent=537"}],"curies":[{"name":"wp","href":"https:\/\/api.w.org\/{rel}","templated":true}]}}