{"id":537,"date":"2023-03-21T12:56:28","date_gmt":"2023-03-21T12:56:28","guid":{"rendered":"https:\/\/www.moloxz.com\/sample-page\/"},"modified":"2023-03-21T12:56:28","modified_gmt":"2023-03-21T12:56:28","slug":"sample-page","status":"publish","type":"page","link":"https:\/\/www.moloxz.com\/nb\/sample-page\/","title":{"rendered":"Eksempelside"},"content":{"rendered":"<p>Dette er en eksempelside. Den er forskjellig fra et blogginnlegg fordi den forblir p\u00e5 ett sted og vises i nettstedsnavigasjonen din (i de fleste temaer). De fleste starter med en Om-side som introduserer dem for potensielle bes\u00f8kende p\u00e5 nettstedet. Den kan si noe s\u00e5nt som dette:<\/p>\n\n\n\n<blockquote class=\"wp-block-quote is-layout-flow wp-block-quote-is-layout-flow\"><p>Hei! Jeg er sykkelbud om dagen, og ambisi\u00f8s skuespiller om kvelden, og dette er nettsiden min. Jeg bor i Los Angeles, har en flott hund som heter Jack, og jeg liker pi\u00f1a coladas. (Og \u00e5 bli tatt i regnet.)<\/p><\/blockquote>\n\n\n\n<p>... eller noe s\u00e5nt som dette:<\/p>\n\n\n\n<blockquote class=\"wp-block-quote is-layout-flow wp-block-quote-is-layout-flow\"><p>XYZ Doohickey Company ble grunnlagt i 1971, og har levert kvalitets-doohickeyer til publikum siden den gang. XYZ ligger i Gotham City, har over 2000 ansatte og gj\u00f8r alle slags fantastiske ting for Gotham-samfunnet.<\/p><\/blockquote>\n\n\n\n<p>Som ny WordPress-bruker b\u00f8r du g\u00e5 til <a href=\"https:\/\/pagebolt.uicore.co\/pages\/wp-admin\/\">dashbordet ditt<\/a> for \u00e5 slette denne siden og opprette nye sider for innholdet ditt. Kos deg!<\/p>","protected":false},"excerpt":{"rendered":"<p>This is an example page. It&#8217;s different from a blog post because it will stay in one place and will show up [&hellip;]<\/p>","protected":false},"author":1,"featured_media":0,"parent":0,"menu_order":0,"comment_status":"closed","ping_status":"closed","template":"","meta":{"footnotes":""},"class_list":["post-537","page","type-page","status-publish","hentry"],"yoast_head":"<!-- This site is optimized with the Yoast SEO plugin v25.5 - https:\/\/yoast.com\/wordpress\/plugins\/seo\/ -->\n<title>Sample Page - Moloxz<\/title>\n<meta name=\"robots\" content=\"index, follow, max-snippet:-1, max-image-preview:large, max-video-preview:-1\" \/>\n<link rel=\"canonical\" href=\"https:\/\/www.moloxz.com\/nb\/sample-page\/\" \/>\n<meta property=\"og:locale\" content=\"nb_NO\" \/>\n<meta property=\"og:type\" content=\"article\" \/>\n<meta property=\"og:title\" content=\"Sample Page - Moloxz\" \/>\n<meta property=\"og:description\" content=\"This is an example page. It&#8217;s different from a blog post because it will stay in one place and will show up [&hellip;]\" \/>\n<meta property=\"og:url\" content=\"https:\/\/www.moloxz.com\/nb\/sample-page\/\" \/>\n<meta property=\"og:site_name\" content=\"Moloxz\" \/>\n<meta name=\"twitter:card\" content=\"summary_large_image\" \/>\n<meta name=\"twitter:label1\" content=\"Ansl. lesetid\" \/>\n\t<meta name=\"twitter:data1\" content=\"1 minutt\" \/>\n<script type=\"application\/ld+json\" class=\"yoast-schema-graph\">{\"@context\":\"https:\/\/schema.org\",\"@graph\":[{\"@type\":\"WebPage\",\"@id\":\"https:\/\/www.moloxz.com\/sample-page\/\",\"url\":\"https:\/\/www.moloxz.com\/sample-page\/\",\"name\":\"Sample Page - Moloxz\",\"isPartOf\":{\"@id\":\"https:\/\/www.moloxz.com\/#website\"},\"datePublished\":\"2023-03-21T12:56:28+00:00\",\"breadcrumb\":{\"@id\":\"https:\/\/www.moloxz.com\/sample-page\/#breadcrumb\"},\"inLanguage\":\"nb-NO\",\"potentialAction\":[{\"@type\":\"ReadAction\",\"target\":[\"https:\/\/www.moloxz.com\/sample-page\/\"]}]},{\"@type\":\"BreadcrumbList\",\"@id\":\"https:\/\/www.moloxz.com\/sample-page\/#breadcrumb\",\"itemListElement\":[{\"@type\":\"ListItem\",\"position\":1,\"name\":\"Home\",\"item\":\"https:\/\/www.moloxz.com\/\"},{\"@type\":\"ListItem\",\"position\":2,\"name\":\"Sample Page\"}]},{\"@type\":\"WebSite\",\"@id\":\"https:\/\/www.moloxz.com\/#website\",\"url\":\"https:\/\/www.moloxz.com\/\",\"name\":\"Moloxz\",\"description\":\"Mobile access control\",\"publisher\":{\"@id\":\"https:\/\/www.moloxz.com\/#organization\"},\"potentialAction\":[{\"@type\":\"SearchAction\",\"target\":{\"@type\":\"EntryPoint\",\"urlTemplate\":\"https:\/\/www.moloxz.com\/?s={search_term_string}\"},\"query-input\":{\"@type\":\"PropertyValueSpecification\",\"valueRequired\":true,\"valueName\":\"search_term_string\"}}],\"inLanguage\":\"nb-NO\"},{\"@type\":\"Organization\",\"@id\":\"https:\/\/www.moloxz.com\/#organization\",\"name\":\"Moloxz\",\"url\":\"https:\/\/www.moloxz.com\/\",\"logo\":{\"@type\":\"ImageObject\",\"inLanguage\":\"nb-NO\",\"@id\":\"https:\/\/www.moloxz.com\/#\/schema\/logo\/image\/\",\"url\":\"https:\/\/www.moloxz.com\/wp-content\/uploads\/2023\/07\/logo.svg\",\"contentUrl\":\"https:\/\/www.moloxz.com\/wp-content\/uploads\/2023\/07\/logo.svg\",\"width\":51,\"height\":10,\"caption\":\"Moloxz\"},\"image\":{\"@id\":\"https:\/\/www.moloxz.com\/#\/schema\/logo\/image\/\"}}]}<\/script>\n<!-- \/ Yoast SEO plugin. -->","yoast_head_json":{"title":"Sample Page - Moloxz","robots":{"index":"index","follow":"follow","max-snippet":"max-snippet:-1","max-image-preview":"max-image-preview:large","max-video-preview":"max-video-preview:-1"},"canonical":"https:\/\/www.moloxz.com\/nb\/sample-page\/","og_locale":"nb_NO","og_type":"article","og_title":"Sample Page - Moloxz","og_description":"This is an example page. It&#8217;s different from a blog post because it will stay in one place and will show up [&hellip;]","og_url":"https:\/\/www.moloxz.com\/nb\/sample-page\/","og_site_name":"Moloxz","twitter_card":"summary_large_image","twitter_misc":{"Ansl. lesetid":"1 minutt"},"schema":{"@context":"https:\/\/schema.org","@graph":[{"@type":"WebPage","@id":"https:\/\/www.moloxz.com\/sample-page\/","url":"https:\/\/www.moloxz.com\/sample-page\/","name":"Sample Page - Moloxz","isPartOf":{"@id":"https:\/\/www.moloxz.com\/#website"},"datePublished":"2023-03-21T12:56:28+00:00","breadcrumb":{"@id":"https:\/\/www.moloxz.com\/sample-page\/#breadcrumb"},"inLanguage":"nb-NO","potentialAction":[{"@type":"ReadAction","target":["https:\/\/www.moloxz.com\/sample-page\/"]}]},{"@type":"BreadcrumbList","@id":"https:\/\/www.moloxz.com\/sample-page\/#breadcrumb","itemListElement":[{"@type":"ListItem","position":1,"name":"Home","item":"https:\/\/www.moloxz.com\/"},{"@type":"ListItem","position":2,"name":"Sample Page"}]},{"@type":"WebSite","@id":"https:\/\/www.moloxz.com\/#website","url":"https:\/\/www.moloxz.com\/","name":"Moloxz","description":"Mobil adgangskontroll","publisher":{"@id":"https:\/\/www.moloxz.com\/#organization"},"potentialAction":[{"@type":"SearchAction","target":{"@type":"EntryPoint","urlTemplate":"https:\/\/www.moloxz.com\/?s={search_term_string}"},"query-input":{"@type":"PropertyValueSpecification","valueRequired":true,"valueName":"search_term_string"}}],"inLanguage":"nb-NO"},{"@type":"Organization","@id":"https:\/\/www.moloxz.com\/#organization","name":"Moloxz","url":"https:\/\/www.moloxz.com\/","logo":{"@type":"ImageObject","inLanguage":"nb-NO","@id":"https:\/\/www.moloxz.com\/#\/schema\/logo\/image\/","url":"https:\/\/www.moloxz.com\/wp-content\/uploads\/2023\/07\/logo.svg","contentUrl":"https:\/\/www.moloxz.com\/wp-content\/uploads\/2023\/07\/logo.svg","width":51,"height":10,"caption":"Moloxz"},"image":{"@id":"https:\/\/www.moloxz.com\/#\/schema\/logo\/image\/"}}]}},"_links":{"self":[{"href":"https:\/\/www.moloxz.com\/nb\/wp-json\/wp\/v2\/pages\/537","targetHints":{"allow":["GET"]}}],"collection":[{"href":"https:\/\/www.moloxz.com\/nb\/wp-json\/wp\/v2\/pages"}],"about":[{"href":"https:\/\/www.moloxz.com\/nb\/wp-json\/wp\/v2\/types\/page"}],"author":[{"embeddable":true,"href":"https:\/\/www.moloxz.com\/nb\/wp-json\/wp\/v2\/users\/1"}],"replies":[{"embeddable":true,"href":"https:\/\/www.moloxz.com\/nb\/wp-json\/wp\/v2\/comments?post=537"}],"version-history":[{"count":0,"href":"https:\/\/www.moloxz.com\/nb\/wp-json\/wp\/v2\/pages\/537\/revisions"}],"wp:attachment":[{"href":"https:\/\/www.moloxz.com\/nb\/wp-json\/wp\/v2\/media?parent=537"}],"curies":[{"name":"wp","href":"https:\/\/api.w.org\/{rel}","templated":true}]}}