{"id":537,"date":"2023-03-21T12:56:28","date_gmt":"2023-03-21T12:56:28","guid":{"rendered":"https:\/\/www.moloxz.com\/sample-page\/"},"modified":"2023-03-21T12:56:28","modified_gmt":"2023-03-21T12:56:28","slug":"sample-page","status":"publish","type":"page","link":"https:\/\/www.moloxz.com\/pt\/sample-page\/","title":{"rendered":"P\u00e1gina de amostra"},"content":{"rendered":"<p>Esta \u00e9 uma p\u00e1gina de exemplo. \u00c9 diferente de uma postagem de blog porque permanecer\u00e1 em um s\u00f3 lugar e aparecer\u00e1 na navega\u00e7\u00e3o do seu site (na maioria dos temas). A maioria das pessoas come\u00e7a com uma p\u00e1gina &quot;Sobre&quot; que as apresenta a potenciais visitantes do site. Ela pode ser algo assim:<\/p>\n\n\n\n<blockquote class=\"wp-block-quote is-layout-flow wp-block-quote-is-layout-flow\"><p>Ol\u00e1! Sou entregador de bicicleta durante o dia e aspirante a ator \u00e0 noite, e este \u00e9 o meu site. Moro em Los Angeles, tenho um cachorro incr\u00edvel chamado Jack e adoro pi\u00f1as coladas. (E ser pego pela chuva.)<\/p><\/blockquote>\n\n\n\n<p>\u2026ou algo assim:<\/p>\n\n\n\n<blockquote class=\"wp-block-quote is-layout-flow wp-block-quote-is-layout-flow\"><p>A XYZ Doohickey Company foi fundada em 1971 e, desde ent\u00e3o, fornece bugigangas de qualidade ao p\u00fablico. Localizada em Gotham City, a XYZ emprega mais de 2.000 pessoas e faz todo tipo de coisas incr\u00edveis pela comunidade de Gotham.<\/p><\/blockquote>\n\n\n\n<p>Como um novo usu\u00e1rio do WordPress, voc\u00ea deve ir para <a href=\"https:\/\/pagebolt.uicore.co\/pages\/wp-admin\/\">seu painel<\/a> para excluir esta p\u00e1gina e criar novas p\u00e1ginas para o seu conte\u00fado. Divirta-se!<\/p>","protected":false},"excerpt":{"rendered":"<p>This is an example page. It&#8217;s different from a blog post because it will stay in one place and will show up [&hellip;]<\/p>","protected":false},"author":1,"featured_media":0,"parent":0,"menu_order":0,"comment_status":"closed","ping_status":"closed","template":"","meta":{"footnotes":""},"class_list":["post-537","page","type-page","status-publish","hentry"],"yoast_head":"<!-- This site is optimized with the Yoast SEO plugin v25.5 - https:\/\/yoast.com\/wordpress\/plugins\/seo\/ -->\n<title>Sample Page - Moloxz<\/title>\n<meta name=\"robots\" content=\"index, follow, max-snippet:-1, max-image-preview:large, max-video-preview:-1\" \/>\n<link rel=\"canonical\" href=\"https:\/\/www.moloxz.com\/pt\/sample-page\/\" \/>\n<meta property=\"og:locale\" content=\"pt_PT\" \/>\n<meta property=\"og:type\" content=\"article\" \/>\n<meta property=\"og:title\" content=\"Sample Page - Moloxz\" \/>\n<meta property=\"og:description\" content=\"This is an example page. It&#8217;s different from a blog post because it will stay in one place and will show up [&hellip;]\" \/>\n<meta property=\"og:url\" content=\"https:\/\/www.moloxz.com\/pt\/sample-page\/\" \/>\n<meta property=\"og:site_name\" content=\"Moloxz\" \/>\n<meta name=\"twitter:card\" content=\"summary_large_image\" \/>\n<meta name=\"twitter:label1\" content=\"Tempo estimado de leitura\" \/>\n\t<meta name=\"twitter:data1\" content=\"1 minuto\" \/>\n<script type=\"application\/ld+json\" class=\"yoast-schema-graph\">{\"@context\":\"https:\/\/schema.org\",\"@graph\":[{\"@type\":\"WebPage\",\"@id\":\"https:\/\/www.moloxz.com\/sample-page\/\",\"url\":\"https:\/\/www.moloxz.com\/sample-page\/\",\"name\":\"Sample Page - Moloxz\",\"isPartOf\":{\"@id\":\"https:\/\/www.moloxz.com\/#website\"},\"datePublished\":\"2023-03-21T12:56:28+00:00\",\"breadcrumb\":{\"@id\":\"https:\/\/www.moloxz.com\/sample-page\/#breadcrumb\"},\"inLanguage\":\"pt-PT\",\"potentialAction\":[{\"@type\":\"ReadAction\",\"target\":[\"https:\/\/www.moloxz.com\/sample-page\/\"]}]},{\"@type\":\"BreadcrumbList\",\"@id\":\"https:\/\/www.moloxz.com\/sample-page\/#breadcrumb\",\"itemListElement\":[{\"@type\":\"ListItem\",\"position\":1,\"name\":\"Home\",\"item\":\"https:\/\/www.moloxz.com\/\"},{\"@type\":\"ListItem\",\"position\":2,\"name\":\"Sample Page\"}]},{\"@type\":\"WebSite\",\"@id\":\"https:\/\/www.moloxz.com\/#website\",\"url\":\"https:\/\/www.moloxz.com\/\",\"name\":\"Moloxz\",\"description\":\"Mobile access control\",\"publisher\":{\"@id\":\"https:\/\/www.moloxz.com\/#organization\"},\"potentialAction\":[{\"@type\":\"SearchAction\",\"target\":{\"@type\":\"EntryPoint\",\"urlTemplate\":\"https:\/\/www.moloxz.com\/?s={search_term_string}\"},\"query-input\":{\"@type\":\"PropertyValueSpecification\",\"valueRequired\":true,\"valueName\":\"search_term_string\"}}],\"inLanguage\":\"pt-PT\"},{\"@type\":\"Organization\",\"@id\":\"https:\/\/www.moloxz.com\/#organization\",\"name\":\"Moloxz\",\"url\":\"https:\/\/www.moloxz.com\/\",\"logo\":{\"@type\":\"ImageObject\",\"inLanguage\":\"pt-PT\",\"@id\":\"https:\/\/www.moloxz.com\/#\/schema\/logo\/image\/\",\"url\":\"https:\/\/www.moloxz.com\/wp-content\/uploads\/2023\/07\/logo.svg\",\"contentUrl\":\"https:\/\/www.moloxz.com\/wp-content\/uploads\/2023\/07\/logo.svg\",\"width\":51,\"height\":10,\"caption\":\"Moloxz\"},\"image\":{\"@id\":\"https:\/\/www.moloxz.com\/#\/schema\/logo\/image\/\"}}]}<\/script>\n<!-- \/ Yoast SEO plugin. -->","yoast_head_json":{"title":"Sample Page - Moloxz","robots":{"index":"index","follow":"follow","max-snippet":"max-snippet:-1","max-image-preview":"max-image-preview:large","max-video-preview":"max-video-preview:-1"},"canonical":"https:\/\/www.moloxz.com\/pt\/sample-page\/","og_locale":"pt_PT","og_type":"article","og_title":"Sample Page - Moloxz","og_description":"This is an example page. It&#8217;s different from a blog post because it will stay in one place and will show up [&hellip;]","og_url":"https:\/\/www.moloxz.com\/pt\/sample-page\/","og_site_name":"Moloxz","twitter_card":"summary_large_image","twitter_misc":{"Tempo estimado de leitura":"1 minuto"},"schema":{"@context":"https:\/\/schema.org","@graph":[{"@type":"WebPage","@id":"https:\/\/www.moloxz.com\/sample-page\/","url":"https:\/\/www.moloxz.com\/sample-page\/","name":"Sample Page - Moloxz","isPartOf":{"@id":"https:\/\/www.moloxz.com\/#website"},"datePublished":"2023-03-21T12:56:28+00:00","breadcrumb":{"@id":"https:\/\/www.moloxz.com\/sample-page\/#breadcrumb"},"inLanguage":"pt-PT","potentialAction":[{"@type":"ReadAction","target":["https:\/\/www.moloxz.com\/sample-page\/"]}]},{"@type":"BreadcrumbList","@id":"https:\/\/www.moloxz.com\/sample-page\/#breadcrumb","itemListElement":[{"@type":"ListItem","position":1,"name":"Home","item":"https:\/\/www.moloxz.com\/"},{"@type":"ListItem","position":2,"name":"Sample Page"}]},{"@type":"WebSite","@id":"https:\/\/www.moloxz.com\/#website","url":"https:\/\/www.moloxz.com\/","name":"Moloxz","description":"Controle de acesso m\u00f3vel","publisher":{"@id":"https:\/\/www.moloxz.com\/#organization"},"potentialAction":[{"@type":"SearchAction","target":{"@type":"EntryPoint","urlTemplate":"https:\/\/www.moloxz.com\/?s={search_term_string}"},"query-input":{"@type":"PropertyValueSpecification","valueRequired":true,"valueName":"search_term_string"}}],"inLanguage":"pt-PT"},{"@type":"Organization","@id":"https:\/\/www.moloxz.com\/#organization","name":"Moloxz","url":"https:\/\/www.moloxz.com\/","logo":{"@type":"ImageObject","inLanguage":"pt-PT","@id":"https:\/\/www.moloxz.com\/#\/schema\/logo\/image\/","url":"https:\/\/www.moloxz.com\/wp-content\/uploads\/2023\/07\/logo.svg","contentUrl":"https:\/\/www.moloxz.com\/wp-content\/uploads\/2023\/07\/logo.svg","width":51,"height":10,"caption":"Moloxz"},"image":{"@id":"https:\/\/www.moloxz.com\/#\/schema\/logo\/image\/"}}]}},"_links":{"self":[{"href":"https:\/\/www.moloxz.com\/pt\/wp-json\/wp\/v2\/pages\/537","targetHints":{"allow":["GET"]}}],"collection":[{"href":"https:\/\/www.moloxz.com\/pt\/wp-json\/wp\/v2\/pages"}],"about":[{"href":"https:\/\/www.moloxz.com\/pt\/wp-json\/wp\/v2\/types\/page"}],"author":[{"embeddable":true,"href":"https:\/\/www.moloxz.com\/pt\/wp-json\/wp\/v2\/users\/1"}],"replies":[{"embeddable":true,"href":"https:\/\/www.moloxz.com\/pt\/wp-json\/wp\/v2\/comments?post=537"}],"version-history":[{"count":0,"href":"https:\/\/www.moloxz.com\/pt\/wp-json\/wp\/v2\/pages\/537\/revisions"}],"wp:attachment":[{"href":"https:\/\/www.moloxz.com\/pt\/wp-json\/wp\/v2\/media?parent=537"}],"curies":[{"name":"wp","href":"https:\/\/api.w.org\/{rel}","templated":true}]}}