{"id":147,"date":"2023-07-09T10:24:43","date_gmt":"2023-07-09T10:24:43","guid":{"rendered":"https:\/\/moloxzstaging.from-mo.com\/?page_id=147"},"modified":"2023-07-09T10:24:43","modified_gmt":"2023-07-09T10:24:43","slug":"terms-and-conditions","status":"publish","type":"page","link":"https:\/\/www.moloxz.com\/sk\/terms-and-conditions\/","title":{"rendered":"Podmienky"},"content":{"rendered":"<p>Vitajte v aplik\u00e1cii moloxz (\u201eaplik\u00e1cia\u201c), ktor\u00e1 poskytuje osobn\u00fd syst\u00e9m spr\u00e1vy skrinky. Tieto zmluvn\u00e9 podmienky upravuj\u00fa va\u0161e pou\u017e\u00edvanie aplik\u00e1cie, preto si ich pred pr\u00edstupom alebo pou\u017e\u00edvan\u00edm aplik\u00e1cie pozorne pre\u010d\u00edtajte.<\/p>\n\n\n\n<p>V pr\u00edpade ot\u00e1zok alebo pripomienok, ktor\u00e9 m\u00f4\u017eete ma\u0165 v s\u00favislosti so Slu\u017ebou, n\u00e1s m\u00f4\u017eete kedyko\u013evek kontaktova\u0165 na adrese: Syntens solutions BV, info@syntenssolutions.nl, Databankweg 26,<br>3821 AL Amersfoort, Holandsko.<\/p>\n\n\n\n<p>Vstupom do aplik\u00e1cie alebo jej pou\u017e\u00edvan\u00edm s\u00fahlas\u00edte s t\u00fdm, \u017ee budete viazan\u00ed t\u00fdmito zmluvn\u00fdmi podmienkami. Ak nes\u00fahlas\u00edte s akouko\u013evek \u010das\u0165ou t\u00fdchto podmienok, nesmiete aplik\u00e1ciu pou\u017e\u00edva\u0165.<\/p>\n\n\n\n<p><strong>U\u017e\u00edvate\u013esk\u00fd \u00fa\u010det<\/strong><br>a. Ak chcete pou\u017e\u00edva\u0165 ur\u010dit\u00e9 funkcie aplik\u00e1cie, m\u00f4\u017ee sa od v\u00e1s vy\u017eadova\u0165 vytvorenie pou\u017e\u00edvate\u013esk\u00e9ho \u00fa\u010dtu. Zodpoved\u00e1te za zachovanie d\u00f4vernosti inform\u00e1ci\u00ed o va\u0161om \u00fa\u010dte vr\u00e1tane pou\u017e\u00edvate\u013esk\u00e9ho mena a hesla. S\u00fahlas\u00edte s t\u00fdm, \u017ee prevezmete zodpovednos\u0165 za v\u0161etky aktivity, ktor\u00e9 sa vyskytn\u00fa pod va\u0161\u00edm \u00fa\u010dtom.<br>b. Po\u010das procesu registr\u00e1cie mus\u00edte poskytn\u00fa\u0165 presn\u00e9, aktu\u00e1lne a \u00fapln\u00e9 inform\u00e1cie. S\u00fahlas\u00edte s okam\u017eitou aktualiz\u00e1ciou ak\u00fdchko\u013evek zmien inform\u00e1ci\u00ed o va\u0161om \u00fa\u010dte, aby ste zaistili ich presnos\u0165.<\/p>\n\n\n\n<p><strong>Pou\u017e\u00edvanie aplik\u00e1cie<\/strong><br>a. Aplik\u00e1cia je ur\u010den\u00e1 len na osobn\u00e9 pou\u017eitie. Aplik\u00e1ciu nesmiete pou\u017e\u00edva\u0165 na \u017eiadne komer\u010dn\u00e9 \u00fa\u010dely ani \u017eiadnym sp\u00f4sobom, ktor\u00fd poru\u0161uje platn\u00e9 z\u00e1kony alebo predpisy.<br>b. S\u00fahlas\u00edte s t\u00fdm, \u017ee sa nezapoj\u00edte do \u017eiadnej \u010dinnosti, ktor\u00e1 m\u00f4\u017ee naru\u0161i\u0165 alebo naru\u0161i\u0165 fungovanie aplik\u00e1cie alebo jej pridru\u017een\u00fdch syst\u00e9mov.<\/p>\n\n\n\n<p><strong>du\u0161evn\u00e9 vlastn\u00edctvo<\/strong><br>a. V\u0161etky pr\u00e1va du\u0161evn\u00e9ho vlastn\u00edctva vr\u00e1tane autorsk\u00fdch pr\u00e1v, ochrann\u00fdch zn\u00e1mok a obchodn\u00fdch tajomstiev v aplik\u00e1cii a jej obsahu s\u00fa vo vlastn\u00edctve v\u00fdvoj\u00e1ra aplik\u00e1cie alebo na \u0148u m\u00e1 licenciu. Bez predch\u00e1dzaj\u00faceho p\u00edsomn\u00e9ho s\u00fahlasu nesmiete reprodukova\u0165, upravova\u0165, distribuova\u0165 alebo vytv\u00e1ra\u0165 odvoden\u00e9 diela zalo\u017een\u00e9 na aplik\u00e1cii alebo jej obsahu.<\/p>\n\n\n\n<p><strong>Ochrana osobn\u00fdch \u00fadajov<\/strong><br>a. Aplik\u00e1cia m\u00f4\u017ee zhroma\u017e\u010fova\u0165 a pou\u017e\u00edva\u0165 osobn\u00e9 \u00fadaje v s\u00falade s jej Z\u00e1sadami ochrany osobn\u00fdch \u00fadajov. Pou\u017e\u00edvan\u00edm aplik\u00e1cie s\u00fahlas\u00edte so zhroma\u017e\u010fovan\u00edm, ukladan\u00edm a pou\u017e\u00edvan\u00edm va\u0161ich osobn\u00fdch \u00fadajov, ako je op\u00edsan\u00e9 v z\u00e1sad\u00e1ch ochrany osobn\u00fdch \u00fadajov.<\/p>\n\n\n\n<p><strong>Vyl\u00fa\u010denie z\u00e1ruky<\/strong><br>a. Aplik\u00e1cia a jej obsah sa poskytuj\u00fa \u201etak, ako s\u00fa\u201c a \u201eako s\u00fa dostupn\u00e9\u201c, bez ak\u00fdchko\u013evek z\u00e1ruk ak\u00e9hoko\u013evek druhu, v\u00fdslovn\u00fdch alebo implicitn\u00fdch. V\u00fdvoj\u00e1r aplik\u00e1cie nezaru\u010duje, \u017ee aplik\u00e1cia bude bezchybn\u00e1 alebo nepreru\u0161en\u00e1, ani \u017ee bud\u00fa opraven\u00e9 ak\u00e9ko\u013evek chyby.<\/p>\n\n\n\n<p><strong>Obmedzenie zodpovednosti<\/strong><br>a. V\u00fdvoj\u00e1r aplik\u00e1cie v najv\u00e4\u010d\u0161om rozsahu povolenom z\u00e1konom nenesie zodpovednos\u0165 za \u017eiadne nepriame, n\u00e1hodn\u00e9, \u0161peci\u00e1lne, n\u00e1sledn\u00e9 alebo repres\u00edvne \u0161kody, vr\u00e1tane, ale nie v\u00fdlu\u010dne, \u0161k\u00f4d za stratu zisku, \u00fadajov alebo pou\u017eitia, ktor\u00e9 vypl\u00fdvaj\u00fa z alebo v s\u00favislosti s pou\u017e\u00edvan\u00edm aplik\u00e1cie.<\/p>\n\n\n\n<p><strong>Modifik\u00e1cia a ukon\u010denie<\/strong><br>a. V\u00fdvoj\u00e1r aplik\u00e1cie si vyhradzuje pr\u00e1vo kedyko\u013evek a bez predch\u00e1dzaj\u00faceho upozornenia upravi\u0165 alebo ukon\u010di\u0165 aplik\u00e1ciu alebo ak\u00fako\u013evek jej \u010das\u0165. Z \u010dasu na \u010das m\u00f4\u017eu tieto Podmienky upravova\u0165. Va\u0161e \u010fal\u0161ie pou\u017e\u00edvanie aplik\u00e1cie po ak\u00fdchko\u013evek tak\u00fdchto \u00faprav\u00e1ch bude znamena\u0165 v\u00e1\u0161 s\u00fahlas s upraven\u00fdmi zmluvn\u00fdmi podmienkami.<\/p>\n\n\n\n<p><strong>Vl\u00e1dny z\u00e1kon<\/strong><br>a. Tieto zmluvn\u00e9 podmienky sa bud\u00fa riadi\u0165 a vyklada\u0165 v s\u00falade so z\u00e1konmi Holandska. Ak\u00e9ko\u013evek pr\u00e1vne kroky vypl\u00fdvaj\u00face z t\u00fdchto Podmienok alebo v s\u00favislosti s nimi bud\u00fa podan\u00e9 na s\u00fady v Holandsku.<\/p>\n\n\n\n<p>Pou\u017e\u00edvan\u00edm aplik\u00e1cie potvrdzujete, \u017ee ste si pre\u010d\u00edtali tieto zmluvn\u00e9 podmienky, porozumeli im a s\u00fahlas\u00edte s nimi. Ak s t\u00fdmito podmienkami nes\u00fahlas\u00edte, mus\u00edte aplik\u00e1ciu okam\u017eite presta\u0165 pou\u017e\u00edva\u0165.<\/p>","protected":false},"excerpt":{"rendered":"<p>Welcome to the moloxz (&#8220;the App&#8221;) that provides a personal Locker Management System. These Terms and Conditions govern your use of the [&hellip;]<\/p>","protected":false},"author":1,"featured_media":0,"parent":0,"menu_order":0,"comment_status":"closed","ping_status":"closed","template":"","meta":{"footnotes":""},"class_list":["post-147","page","type-page","status-publish","hentry"],"yoast_head":"<!-- This site is optimized with the Yoast SEO plugin v25.5 - https:\/\/yoast.com\/wordpress\/plugins\/seo\/ -->\n<title>Terms and Conditions - Moloxz<\/title>\n<meta name=\"robots\" content=\"index, follow, max-snippet:-1, max-image-preview:large, max-video-preview:-1\" \/>\n<link rel=\"canonical\" href=\"https:\/\/www.moloxz.com\/sk\/terms-and-conditions\/\" \/>\n<meta property=\"og:locale\" content=\"sk_SK\" \/>\n<meta property=\"og:type\" content=\"article\" \/>\n<meta property=\"og:title\" content=\"Terms and Conditions - Moloxz\" \/>\n<meta property=\"og:description\" content=\"Welcome to the moloxz (&#8220;the App&#8221;) that provides a personal Locker Management System. These Terms and Conditions govern your use of the [&hellip;]\" \/>\n<meta property=\"og:url\" content=\"https:\/\/www.moloxz.com\/sk\/terms-and-conditions\/\" \/>\n<meta property=\"og:site_name\" content=\"Moloxz\" \/>\n<meta name=\"twitter:card\" content=\"summary_large_image\" \/>\n<meta name=\"twitter:label1\" content=\"Predpokladan\u00fd \u010das \u010d\u00edtania\" \/>\n\t<meta name=\"twitter:data1\" content=\"3 min\u00faty\" \/>\n<script type=\"application\/ld+json\" class=\"yoast-schema-graph\">{\"@context\":\"https:\/\/schema.org\",\"@graph\":[{\"@type\":\"WebPage\",\"@id\":\"https:\/\/www.moloxz.com\/terms-and-conditions\/\",\"url\":\"https:\/\/www.moloxz.com\/terms-and-conditions\/\",\"name\":\"Terms and Conditions - Moloxz\",\"isPartOf\":{\"@id\":\"https:\/\/www.moloxz.com\/#website\"},\"datePublished\":\"2023-07-09T10:24:43+00:00\",\"breadcrumb\":{\"@id\":\"https:\/\/www.moloxz.com\/terms-and-conditions\/#breadcrumb\"},\"inLanguage\":\"sk-SK\",\"potentialAction\":[{\"@type\":\"ReadAction\",\"target\":[\"https:\/\/www.moloxz.com\/terms-and-conditions\/\"]}]},{\"@type\":\"BreadcrumbList\",\"@id\":\"https:\/\/www.moloxz.com\/terms-and-conditions\/#breadcrumb\",\"itemListElement\":[{\"@type\":\"ListItem\",\"position\":1,\"name\":\"Home\",\"item\":\"https:\/\/www.moloxz.com\/\"},{\"@type\":\"ListItem\",\"position\":2,\"name\":\"Terms and Conditions\"}]},{\"@type\":\"WebSite\",\"@id\":\"https:\/\/www.moloxz.com\/#website\",\"url\":\"https:\/\/www.moloxz.com\/\",\"name\":\"Moloxz\",\"description\":\"Mobile access control\",\"publisher\":{\"@id\":\"https:\/\/www.moloxz.com\/#organization\"},\"potentialAction\":[{\"@type\":\"SearchAction\",\"target\":{\"@type\":\"EntryPoint\",\"urlTemplate\":\"https:\/\/www.moloxz.com\/?s={search_term_string}\"},\"query-input\":{\"@type\":\"PropertyValueSpecification\",\"valueRequired\":true,\"valueName\":\"search_term_string\"}}],\"inLanguage\":\"sk-SK\"},{\"@type\":\"Organization\",\"@id\":\"https:\/\/www.moloxz.com\/#organization\",\"name\":\"Moloxz\",\"url\":\"https:\/\/www.moloxz.com\/\",\"logo\":{\"@type\":\"ImageObject\",\"inLanguage\":\"sk-SK\",\"@id\":\"https:\/\/www.moloxz.com\/#\/schema\/logo\/image\/\",\"url\":\"https:\/\/www.moloxz.com\/wp-content\/uploads\/2023\/07\/logo.svg\",\"contentUrl\":\"https:\/\/www.moloxz.com\/wp-content\/uploads\/2023\/07\/logo.svg\",\"width\":51,\"height\":10,\"caption\":\"Moloxz\"},\"image\":{\"@id\":\"https:\/\/www.moloxz.com\/#\/schema\/logo\/image\/\"}}]}<\/script>\n<!-- \/ Yoast SEO plugin. -->","yoast_head_json":{"title":"Terms and Conditions - Moloxz","robots":{"index":"index","follow":"follow","max-snippet":"max-snippet:-1","max-image-preview":"max-image-preview:large","max-video-preview":"max-video-preview:-1"},"canonical":"https:\/\/www.moloxz.com\/sk\/terms-and-conditions\/","og_locale":"sk_SK","og_type":"article","og_title":"Terms and Conditions - Moloxz","og_description":"Welcome to the moloxz (&#8220;the App&#8221;) that provides a personal Locker Management System. These Terms and Conditions govern your use of the [&hellip;]","og_url":"https:\/\/www.moloxz.com\/sk\/terms-and-conditions\/","og_site_name":"Moloxz","twitter_card":"summary_large_image","twitter_misc":{"Predpokladan\u00fd \u010das \u010d\u00edtania":"3 min\u00faty"},"schema":{"@context":"https:\/\/schema.org","@graph":[{"@type":"WebPage","@id":"https:\/\/www.moloxz.com\/terms-and-conditions\/","url":"https:\/\/www.moloxz.com\/terms-and-conditions\/","name":"Terms and Conditions - Moloxz","isPartOf":{"@id":"https:\/\/www.moloxz.com\/#website"},"datePublished":"2023-07-09T10:24:43+00:00","breadcrumb":{"@id":"https:\/\/www.moloxz.com\/terms-and-conditions\/#breadcrumb"},"inLanguage":"sk-SK","potentialAction":[{"@type":"ReadAction","target":["https:\/\/www.moloxz.com\/terms-and-conditions\/"]}]},{"@type":"BreadcrumbList","@id":"https:\/\/www.moloxz.com\/terms-and-conditions\/#breadcrumb","itemListElement":[{"@type":"ListItem","position":1,"name":"Home","item":"https:\/\/www.moloxz.com\/"},{"@type":"ListItem","position":2,"name":"Terms and Conditions"}]},{"@type":"WebSite","@id":"https:\/\/www.moloxz.com\/#website","url":"https:\/\/www.moloxz.com\/","name":"Moloxz","description":"Mobiln\u00e1 kontrola pr\u00edstupu","publisher":{"@id":"https:\/\/www.moloxz.com\/#organization"},"potentialAction":[{"@type":"SearchAction","target":{"@type":"EntryPoint","urlTemplate":"https:\/\/www.moloxz.com\/?s={search_term_string}"},"query-input":{"@type":"PropertyValueSpecification","valueRequired":true,"valueName":"search_term_string"}}],"inLanguage":"sk-SK"},{"@type":"Organization","@id":"https:\/\/www.moloxz.com\/#organization","name":"Moloxz","url":"https:\/\/www.moloxz.com\/","logo":{"@type":"ImageObject","inLanguage":"sk-SK","@id":"https:\/\/www.moloxz.com\/#\/schema\/logo\/image\/","url":"https:\/\/www.moloxz.com\/wp-content\/uploads\/2023\/07\/logo.svg","contentUrl":"https:\/\/www.moloxz.com\/wp-content\/uploads\/2023\/07\/logo.svg","width":51,"height":10,"caption":"Moloxz"},"image":{"@id":"https:\/\/www.moloxz.com\/#\/schema\/logo\/image\/"}}]}},"_links":{"self":[{"href":"https:\/\/www.moloxz.com\/sk\/wp-json\/wp\/v2\/pages\/147","targetHints":{"allow":["GET"]}}],"collection":[{"href":"https:\/\/www.moloxz.com\/sk\/wp-json\/wp\/v2\/pages"}],"about":[{"href":"https:\/\/www.moloxz.com\/sk\/wp-json\/wp\/v2\/types\/page"}],"author":[{"embeddable":true,"href":"https:\/\/www.moloxz.com\/sk\/wp-json\/wp\/v2\/users\/1"}],"replies":[{"embeddable":true,"href":"https:\/\/www.moloxz.com\/sk\/wp-json\/wp\/v2\/comments?post=147"}],"version-history":[{"count":0,"href":"https:\/\/www.moloxz.com\/sk\/wp-json\/wp\/v2\/pages\/147\/revisions"}],"wp:attachment":[{"href":"https:\/\/www.moloxz.com\/sk\/wp-json\/wp\/v2\/media?parent=147"}],"curies":[{"name":"pracovn\u00fd list","href":"https:\/\/api.w.org\/{rel}","templated":true}]}}